{"id":4494,"date":"2020-10-01T11:07:50","date_gmt":"2020-10-01T11:07:50","guid":{"rendered":"https:\/\/bioconcolors.com\/coloring-breadcrumbs\/"},"modified":"2020-11-26T13:32:16","modified_gmt":"2020-11-26T13:32:16","slug":"colorants-naturels-pour-chapelure","status":"publish","type":"page","link":"https:\/\/bioconcolors.co.uk\/fr\/colorants-naturels-pour-chapelure\/","title":{"rendered":"Featured detail &#8211;  Colorants naturels pour chapelure"},"content":{"rendered":"<p>[vc_row background_position=&#8221;center center&#8221; row_height=&#8221;450&#8243; css=&#8221;.vc_custom_1601541399844{background-image: url(https:\/\/bioconcolors.com\/wp-content\/uploads\/2020\/10\/hero_breadcrumbs_shutterstock_99059660.jpg?id=3508) !important;background-position: 0 0 !important;background-repeat: no-repeat !important;}&#8221; el_class=&#8221;StandardRowPadd FeatHero&#8221;][vc_column][vc_row_inner el_class=&#8221;topTitleBarDetail&#8221;][vc_column_inner width=&#8221;1\/3&#8243; css=&#8221;.vc_custom_1601541861729{background-color: rgba(241,155,80,0.6) !important;*background-color: rgb(241,155,80) !important;}&#8221;][vc_custom_heading text=&#8221;Colorants naturels pour chapelure&#8221; font_container=&#8221;tag:h2|font_size:35|text_align:left|color:%23ffffff|line_height:1.2&#8243; use_theme_fonts=&#8221;yes&#8221; css_animation=&#8221;fadeIn&#8221; css=&#8221;.vc_custom_1606397198398{padding-right: 5% !important;}&#8221;][\/vc_column_inner][vc_column_inner width=&#8221;2\/3&#8243;][\/vc_column_inner][\/vc_row_inner][\/vc_column][\/vc_row][vc_row el_class=&#8221;FeatDetailSection&#8221;][vc_column width=&#8221;1\/2&#8243; css=&#8221;.vc_custom_1591623186625{padding-right: 20px !important;}&#8221;][vc_single_image image=&#8221;476&#8243; img_size=&#8221;200&#215;10&#8243; el_class=&#8221;HeadingColorBar&#8221;][vc_custom_heading text=&#8221;Colorants naturels pour chapelure&#8221; use_theme_fonts=&#8221;yes&#8221;][vc_column_text]BioconColors propose une gamme de colorants naturels sp\u00e9cialement d\u00e9velopp\u00e9es pour coloration de chapelure. Outre nos solutions standard, nos sp\u00e9cialistes de la coloration sont d\u00e9sireux de travailler avec vous pour cr\u00e9er des formulations de couleurs sur mesure \u00e0 base de couleurs naturelles ou de concentr\u00e9s de fruits et l\u00e9gumes qui peuvent vous aider \u00e0 r\u00e9aliser vos applications de chapelure de la meilleure mani\u00e8re multisensorielle possible.[\/vc_column_text][vc_row_inner el_class=&#8221;colorGuidePromo-sm&#8221;][vc_column_inner width=&#8221;1\/2&#8243;][vc_custom_heading text=&#8221;Guide \u00e9lectronique couleur&#8221; use_theme_fonts=&#8221;yes&#8221; el_class=&#8221;H&#8221;][vc_custom_heading text=&#8221;Colorant naturel pour chapelure&#8221; use_theme_fonts=&#8221;yes&#8221; el_class=&#8221;subH&#8221;][vc_column_text]Contactez-nous pour en savoir plus sur nos formulations de colorants pour les applications de chapelure et demandez notre e-Guide de coloration des chapelures.[\/vc_column_text][vc_button2 title=&#8221;Contact Us&#8221; link=&#8221;url:https%3A%2F%2Fbioconcolors.com%2Fcontact%2F|||&#8221;][\/vc_column_inner][vc_column_inner width=&#8221;1\/2&#8243;][vc_single_image image=&#8221;3401&#8243; el_class=&#8221;img&#8221; link=&#8221;https:\/\/bioconcolors.com\/contact\/&#8221; onclick=&#8221;custom_link&#8221;][\/vc_column_inner][\/vc_row_inner][\/vc_column][\/vc_row][vc_row css=&#8221;.vc_custom_1601625907070{margin-bottom: 50px !important;}&#8221; el_id=&#8221;AppAcc&#8221; el_class=&#8221;featAppList StandardRowLineSepBottom&#8221;][vc_column offset=&#8221;vc_hidden-md vc_hidden-sm vc_hidden-xs&#8221;][vc_custom_heading text=&#8221;Tableau d&#8217;application Miette de pain&#8221; use_theme_fonts=&#8221;yes&#8221;][vc_raw_html]JTNDJTIxLS0tLS0tLS0tLS0tLS0tLS0tLS0tLS0tLS0tLS0tLS0tLS0tLS0tLS0tLS0tLVRBQkxFLS0tLS0tLS0tLS0tLS0tLS0tLS0tLS0tLS0tLS0tLS0tLS0tLS0tLS0tLS0tLS0tLS0tLS0tLS0tLS0tLS0tLS0tLS0tLS0tLS0tLS0tLS0lM0UlMEElM0MlMjEtLSUyMFRBQkxFJTNBJTIwQkFLRVJZJTIwJTI2JTIwUEFTVFJZJTIwLS0lM0UlMEElM0N0YWJsZSUzRSUwQSUyMCUyMCUzQ3RyJTIwY2xhc3MlM0QlMjJUVGl0bGVzJTIyJTNFJTBBJTIwJTIwJTIwJTIwJTNDdGQlMjByb3dzcGFuJTNEJTIyMiUyMiUzRVByb2R1Y3QlMjBUeXBlJTNDJTJGdGQlM0UlMEElMjAlMjAlMjAlMjAlM0N0ZCUyMHJvd3NwYW4lM0QlMjIyJTIyJTNFQ29uY2VudHJhdGlvbiUyMCUyNSUzQyUyRnRkJTNFJTBBJTIwJTIwJTIwJTIwJTNDdGQlMjByb3dzcGFuJTNEJTIyMiUyMiUzRUNvbG9yJTIwU2hhZGUlM0MlMkZ0ZCUzRSUwQSUyMCUyMCUyMCUyMCUzQ3RkJTIwY29sc3BhbiUzRCUyMjIlMjIlM0VTdGFiaWxpdHklM0MlMkZ0ZCUzRSUwQSUyMCUyMCUyMCUyMCUzQ3RkJTIwY29sc3BhbiUzRCUyMjIlMjIlM0VTb2x1YmlsaXR5JTNDJTJGdGQlM0UlMEElMjAlMjAlM0MlMkZ0ciUzRSUwQSUyMCUyMCUzQ3RyJTIwY2xhc3MlM0QlMjJUVGl0bGVzJTIyJTNFJTBBJTIwJTIwJTIwJTIwJTNDdGQlM0VwSCUzQyUyRnRkJTNFJTBBJTIwJTIwJTIwJTIwJTNDdGQlM0VIZWF0JTNDJTJGdGQlM0UlMEElMjAlMjAlMjAlMjAlM0N0ZCUzRURpc3BlcnNpYmxlJTNDJTJGdGQlM0UlMEElMjAlMjAlMjAlMjAlM0N0ZCUzRVNvbHVibGUlMjBpbiUzQSUzQyUyRnRkJTNFJTBBJTIwJTIwJTNDJTJGdHIlM0UlMEElMjAlMjAlMjAlMjAlM0MlMjEtLSUyMEVORCUyMENPTC4lMjBMQUJFTFMlMjBST1clMjAtLS0tLS0tLS0tLS0tJTNFJTIwJTBBJTIwJTIwJTNDJTIxLS0lMjBTVEFSVCUyME5FVyUyMFJPVyUyMC0tJTNFJTBBJTIwJTIwJTNDdHIlM0UlMEElMjAlMjAlMjAlMjAlM0N0ZCUzRUNhcm1pbmUlMjBXUyUyMHBvd2RlcnMlM0MlMkZ0ZCUzRSUwQSUyMCUyMCUyMCUyMCUzQ3RkJTNFMjAlMjAtJTIwNjAlM0MlMkZ0ZCUzRSUwQSUyMCUyMCUyMCUyMCUzQ3RkJTNFUGluayUyMC0lMjBTdHJhd2JlcnJ5JTIwcmVkJTNDJTJGdGQlM0UlMEElMjAlMjAlMjAlMjAlM0N0ZCUzRTMuNSUyMC0lMjAxMy4wJTNDJTJGdGQlM0UlMEElMjAlMjAlMjAlMjAlM0N0ZCUzRUV4Y2VsbGVudCUzQyUyRnRkJTNFJTBBJTIwJTIwJTIwJTIwJTNDdGQlM0UtLS0tJTNDJTJGdGQlM0UlMEElMjAlMjAlMjAlMjAlM0N0ZCUzRVdhdGVyJTNDJTJGdGQlM0UlMEElMjAlMjAlM0MlMkZ0ciUzRSUwQSUyMCUyMCUzQyUyMS0tJTIwRU5EJTIwT0YlMjBST1clMjAtLSUzRSUyMCUwQSUyMCUyMCUzQyUyMS0tJTIwU1RBUlQlMjBORVclMjBST1clMjAtLSUzRSUwQSUyMCUyMCUzQ3RyJTNFJTBBJTIwJTIwJTIwJTIwJTNDdGQlM0VDYXJtaW5lJTIwYWNpZCUyMHN0YWJsZSUyMGxpcXVpZHMlM0MlMkZ0ZCUzRSUwQSUyMCUyMCUyMCUyMCUzQ3RkJTNFMSUyMC0lMjA3JTIwJTNDJTJGdGQlM0UlMEElMjAlMjAlMjAlMjAlM0N0ZCUzRU9yYW5nZSUyMC0lMjBSZWQlMjB5ZWxsb3dpc2glMjAtJTIwUmVkJTIwYmx1aXNoJTNDJTJGdGQlM0UlMEElMjAlMjAlMjAlMjAlM0N0ZCUzRTMuMCUyMC0lMjA4LjAlM0MlMkZ0ZCUzRSUwQSUyMCUyMCUyMCUyMCUzQ3RkJTNFRXhjZWxsZW50JTNDJTJGdGQlM0UlMEElMjAlMjAlMjAlMjAlM0N0ZCUzRS0tLS0lM0MlMkZ0ZCUzRSUwQSUyMCUyMCUyMCUyMCUzQ3RkJTNFV2F0ZXIlM0MlMkZ0ZCUzRSUwQSUyMCUyMCUzQyUyRnRyJTNFJTBBJTIwJTIwJTNDJTIxLS0lMjBFTkQlMjBPRiUyMFJPVyUyMC0tJTNFJTIwJTBBJTIwJTIwJTNDJTIxLS0lMjBTVEFSVCUyME5FVyUyMFJPVyUyMC0tJTNFJTBBJTIwJTIwJTNDdHIlM0UlMEElMjAlMjAlMjAlMjAlM0N0ZCUzRUNhcm1pbmUlMjBsaXF1aWRzJTNDJTJGdGQlM0UlMEElMjAlMjAlMjAlMjAlM0N0ZCUzRTElMjAtJTIwMjAlM0MlMkZ0ZCUzRSUwQSUyMCUyMCUyMCUyMCUzQ3RkJTNFUmVkJTIwYmx1aXNoJTIwdG8lMjBwaW5rJTIwdG8lMjBzdHJhd2JlcnJ5JTIwcmVkJTNDJTJGdGQlM0UlMEElMjAlMjAlMjAlMjAlM0N0ZCUzRTMuNSUyMC0lMjA5LjAlM0MlMkZ0ZCUzRSUwQSUyMCUyMCUyMCUyMCUzQ3RkJTNFRXhjZWxsZW50JTNDJTJGdGQlM0UlMEElMjAlMjAlMjAlMjAlM0N0ZCUzRS0tLS0lM0MlMkZ0ZCUzRSUwQSUyMCUyMCUyMCUyMCUzQ3RkJTNFV2F0ZXIlM0MlMkZ0ZCUzRSUwQSUyMCUyMCUzQyUyRnRyJTNFJTBBJTIwJTIwJTNDJTIxLS0lMjBFTkQlMjBPRiUyMFJPVyUyMC0tJTNFJTIwJTBBJTIwJTIwJTIwJTNDJTIxLS0lMjBTVEFSVCUyME5FVyUyMFJPVyUyMC0tJTNFJTBBJTIwJTIwJTNDdHIlM0UlMEElMjAlMjAlMjAlMjAlM0N0ZCUzRUFubmF0dG8lMjAtJTIwTm9yYml4aW4lMjBsaXF1aWRzJTNDJTJGdGQlM0UlMEElMjAlMjAlMjAlMjAlM0N0ZCUzRTElMjAtJTIwNSUzQyUyRnRkJTNFJTBBJTIwJTIwJTIwJTIwJTNDdGQlM0VZZWxsb3clMjAtJTIwb3JhbmdlJTNDJTJGdGQlM0UlMEElMjAlMjAlMjAlMjAlM0N0ZCUzRTQuMCUyMC0lMjAxMy4wJTNDJTJGdGQlM0UlMEElMjAlMjAlMjAlMjAlM0N0ZCUzRUV4Y2VsbGVudCUzQyUyRnRkJTNFJTBBJTIwJTIwJTIwJTIwJTNDdGQlM0UtLS0tJTNDJTJGdGQlM0UlMEElMjAlMjAlMjAlMjAlM0N0ZCUzRVdhdGVyJTNDJTJGdGQlM0UlMEElMjAlMjAlM0MlMkZ0ciUzRSUwQSUyMCUyMCUzQyUyMS0tJTIwRU5EJTIwT0YlMjBST1clMjAtLSUzRSUyMCUwQSUyMCUwQSUyMCUyMCUzQyUyMS0tJTIwU1RBUlQlMjBORVclMjBST1clMjAtLSUzRSUwQSUyMCUyMCUzQ3RyJTNFJTBBJTIwJTIwJTIwJTIwJTNDdGQlM0VDYXJtaW5lJTIwJTI2JTIwYW5uYXR0byUyMGxpcXVpZCUyMGJsZW5kJTNDJTJGdGQlM0UlMEElMjAlMjAlMjAlMjAlM0N0ZCUzRUZvcm11bGF0aW9ucyUzQyUyRnRkJTNFJTBBJTIwJTIwJTIwJTIwJTNDdGQlM0VQZWFjaCUyMC0lMjBPcmFuZ2UlM0MlMkZ0ZCUzRSUwQSUyMCUyMCUyMCUyMCUzQ3RkJTNFNC4wJTIwLSUyMDEzLjAlM0MlMkZ0ZCUzRSUwQSUyMCUyMCUyMCUyMCUzQ3RkJTNFR29vZCUzQyUyRnRkJTNFJTBBJTIwJTIwJTIwJTIwJTNDdGQlM0UtLS0tJTNDJTJGdGQlM0UlMEElMjAlMjAlMjAlMjAlM0N0ZCUzRVdhdGVyJTNDJTJGdGQlM0UlMEElMjAlMjAlM0MlMkZ0ciUzRSUwQSUyMCUyMCUzQyUyMS0tJTIwRU5EJTIwT0YlMjBST1clMjAtLSUzRSUyMCUwQSUyMCUyMCUzQyUyMS0tJTIwU1RBUlQlMjBORVclMjBST1clMjAtLSUzRSUwQSUyMCUyMCUzQ3RyJTNFJTBBJTIwJTIwJTIwJTIwJTNDdGQlM0VBbm5hdHRvJTIwV1MlMjBwb3dkZXJzJTNDJTJGdGQlM0UlMEElMjAlMjAlMjAlMjAlM0N0ZCUzRTE1JTNDJTJGdGQlM0UlMEElMjAlMjAlMjAlMjAlM0N0ZCUzRVllbGxvdyUyMC0lMjBPcmFuZ2UlM0MlMkZ0ZCUzRSUwQSUyMCUyMCUyMCUyMCUzQ3RkJTNFNC4wJTIwLSUyMDEzLjAlM0MlMkZ0ZCUzRSUwQSUyMCUyMCUyMCUyMCUzQ3RkJTNFR29vZCUzQyUyRnRkJTNFJTBBJTIwJTIwJTIwJTIwJTNDdGQlM0UtLS0tJTNDJTJGdGQlM0UlMEElMjAlMjAlMjAlMjAlM0N0ZCUzRVdhdGVyJTNDJTJGdGQlM0UlMEElMjAlMjAlM0MlMkZ0ciUzRSUwQSUyMCUyMCUzQyUyMS0tJTIwRU5EJTIwT0YlMjBST1clMjAtLSUzRSUwQSUyMCUyMCUyMCUyMCUzQyUyMS0tJTIwU1RBUlQlMjBORVclMjBST1clMjAtLSUzRSUwQSUyMCUyMCUzQ3RyJTNFJTBBJTIwJTIwJTIwJTIwJTNDdGQlM0VDYXJib24lMjBibGFjayUyMHBvd2RlcnMlM0MlMkZ0ZCUzRSUwQSUyMCUyMCUyMCUyMCUzQ3RkJTNFOTUlMjAtJTIwMTAwJTNDJTJGdGQlM0UlMEElMjAlMjAlMjAlMjAlM0N0ZCUzRUdyYXklMjAtJTIwaW50ZW5zZSUyMGJsYWNrJTNDJTJGdGQlM0UlMEElMjAlMjAlMjAlMjAlM0N0ZCUzRTMuNSUyMC0lMjA4LjAlM0MlMkZ0ZCUzRSUwQSUyMCUyMCUyMCUyMCUzQ3RkJTNFRXhjZWxsZW50JTNDJTJGdGQlM0UlMEElMjAlMjAlMjAlMjAlM0N0ZCUzRVdhdGVyJTNDJTJGdGQlM0UlMEElMjAlMjAlMjAlMjAlM0N0ZCUzRS0tLS0lM0MlMkZ0ZCUzRSUwQSUyMCUyMCUzQyUyRnRyJTNFJTBBJTIwJTIwJTNDJTIxLS0lMjBFTkQlMjBPRiUyMFJPVyUyMC0tJTNFJTBBJTIwJTIwJTBBJTNDJTJGdGFibGUlM0UlMEElM0MlMjEtLS0tLS0tLS0tLS0tLS0tLS0tLS0tLS0tLS0tLS0tLS0tLS0tLS0tLS0tLS0tRU5EJTIwVEFCTEUtLS0tLS0tLS0tLS0tLS0tLS0tLS0tLS0tLS0tLS0tLS0tLS0tLS0tLS0tLS0tLS0tLS0tLS0tLS0tLS0tLS0tLS0tLS0tLS0tLS0tJTNFJTBB[\/vc_raw_html][\/vc_column][\/vc_row][vc_row el_class=&#8221;featuredSection&#8221;][vc_column][vc_column_text]<\/p>\n<h2 style=\"text-align: center;\">Colorants naturels en vedette<\/h2>\n<div class='white' style='background:rgba(0,0,0,0); border:solid 0px rgba(0,0,0,0); border-radius:0px; padding:10px 10px 10px 10px;'>\n<div id='feat_prods_slider' class='owl-carousel sa_owl_theme ' data-slider-id='feat_prods_slider' style='visibility:hidden;'>\n<div id='feat_prods_slider_slide01' class='sa_hover_container' style='padding:5% 5%; margin:0px 0%; min-height:250px; '><p><a href=\"https:\/\/bioconcolors.com\/fr\/colorant-naturel-pour-glace-yaourt-glace\/\"><img loading=\"lazy\" decoding=\"async\" class=\"alignnone\" src=\"\/wp-content\/uploads\/2020\/09\/feat_thumb_Ice-cream-bioconcolor.jpg\" alt=\"colorant-naturel-pour-glace-yaourt-glace\" width=\"450\" height=\"300\" \/><\/a><\/p>\r\n<h3>Desserts glac\u00e9s<\/h3>\r\n<p>Les consommateurs s'attendent \u00e0 ce que leur plaisir glac\u00e9 soit fabuleux, c'est pourquoi choisir les bonnes couleurs naturelles est essentiel. Nous proposons une gamme de couleurs de cr\u00e8me et de yaourt glac\u00e9s adapt\u00e9es aux sp\u00e9cifications de vos applications.<\/p>\r\n<p><a class=\"btn btn-default btn-md btn-outlined btn-left\" href=\"https:\/\/bioconcolors.com\/fr\/colorant-naturel-pour-glace-yaourt-glace\/\">Lire plus<\/a><\/p><\/div>\n<div id='feat_prods_slider_slide02' class='sa_hover_container' style='padding:5% 5%; margin:0px 0%; min-height:250px; '><p><a href=\"https:\/\/bioconcolors.com\/fr\/colorant-naturel-pour-boyaux-de-viande\/\"><img loading=\"lazy\" decoding=\"async\" class=\"alignnone\" src=\"\/wp-content\/uploads\/2020\/09\/feat_thumb_shutterstock_1060249601-1.jpg\" alt=\"colorant-naturel-pour-boyaux-de-viande\" width=\"400\" height=\"267\" \/><\/a><\/p>\r\n<h3>Boyaux de viande<\/h3>\r\n<div>\r\n<p>Les boyaux de viande en cellulose ou en collag\u00e8ne sont consid\u00e9r\u00e9s comme la forme la plus ancienne de mat\u00e9riaux d'emballage pour les saucisses. BioconColors propose une gamme de couleurs naturelles optimis\u00e9es pour toute une s\u00e9rie de saucisses avec diff\u00e9rents temps de fumage et types de boyaux.<\/p>\r\n<\/div>\r\n<p><a class=\"btn btn-default btn-md btn-outlined btn-left\" href=\"https:\/\/bioconcolors.com\/fr\/colorant-naturel-pour-boyaux-de-viande\/\">Lire plus<\/a><\/p><\/div>\n<div id='feat_prods_slider_slide03' class='sa_hover_container' style='padding:5% 5%; margin:0px 0%; min-height:250px; '><p><a href=\"https:\/\/bioconcolors.com\/fr\/colorants-naturels-pour-chapelure\/\"><img loading=\"lazy\" decoding=\"async\" class=\"alignnone\" src=\"\/wp-content\/uploads\/2020\/09\/feat_thumb_shutterstock_99059660-1.jpg\" alt=\"colorants-naturels-pour-chapelure\" width=\"400\" height=\"267\" \/><\/a><\/p>\r\n<h3>Des couleurs croquantes pour une chapelure parfaite<\/h3>\r\n<p>La d\u00e9finition d'une chapelure \u00e0 la couleur id\u00e9ale diff\u00e8re selon les pays. Gr\u00e2ce \u00e0 notre gamme de couleurs, nous pourrons perfectionner votre chapelure pour r\u00e9pondre aux attentes de votre march\u00e9.<\/p>\r\n<p><a class=\"btn btn-default btn-md btn-outlined btn-left\" href=\"https:\/\/bioconcolors.com\/fr\/colorants-naturels-pour-chapelure\/\">Lire plus<\/a><\/p><\/div>\n<div id='feat_prods_slider_slide04' class='sa_hover_container' style='padding:5% 5%; margin:0px 0%; min-height:250px; '><p><a href=\"https:\/\/bioconcolors.com\/fr\/colorants-naturals-pour-des-substituts-de-viande\/\"><img loading=\"lazy\" decoding=\"async\" class=\"alignnone\" src=\"\/wp-content\/uploads\/2020\/06\/feat_meat_shutterstock_1007140933.jpg\" alt=\"colorants-naturals-pour-des-substituts-de-viande\" width=\"450\" height=\"300\" \/><\/a><\/p>\r\n<h3>Couleurs naturelles fr\u00e9tillantes<\/h3>\r\n<p>Couleurs naturelles pour les substituts de viande \u00e0 base de plantes, rose r\u00e9aliste sous forme fra\u00eeche et brun tournant pendant le processus de cuisson, imitant la r\u00e9alit\u00e9.<\/p>\r\n<p><a class=\"btn btn-default btn-md btn-outlined btn-left\" href=\"https:\/\/bioconcolors.com\/fr\/colorants-naturals-pour-des-substituts-de-viande\/\">Lire plus<\/a><\/p><\/div>\n<div id='feat_prods_slider_slide05' class='sa_hover_container' style='padding:5% 5%; margin:0px 0%; min-height:250px; '><p><a href=\"https:\/\/bioconcolors.com\/fr\/colorants-naturels-pour-des-boissons-isotoniques\/\"><img loading=\"lazy\" decoding=\"async\" class=\"alignnone\" src=\"\/wp-content\/uploads\/2020\/06\/feat_iso_shutterstock_666338209.jpg\" alt=\"colorants-naturels-pour-des-boissons-isotoniques\" width=\"450\" height=\"300\" \/><\/a><\/p>\r\n<h3>Couleurs d\u00e9salt\u00e9rantes<\/h3>\r\n<p>Des couleurs naturelles pour contribuer \u00e0 la mise en avant et aux performances de votre boisson sportive isotonique\u00a0!<\/p>\r\n<p><a class=\"btn btn-default btn-md btn-outlined btn-left\" href=\"https:\/\/bioconcolors.com\/fr\/colorants-naturels-pour-des-boissons-isotoniques\/\">Lire plus<\/a><\/p><\/div>\n<div id='feat_prods_slider_slide06' class='sa_hover_container' style='padding:5% 5%; margin:0px 0%; min-height:250px; '><p><a href=\"https:\/\/bioconcolors.com\/fr\/colorants-naturels-pour-cosmetiques\/\"><img loading=\"lazy\" decoding=\"async\" class=\"alignnone\" src=\"\/wp-content\/uploads\/2020\/06\/feat_cosm_shutterstock_515086057.jpg\" alt=\"colorants-naturels-pour-cosmetiques\" width=\"450\" height=\"300\" \/><\/a><\/p>\r\n<h3>Beaut\u00e9 naturelle\u00a0!<\/h3>\r\n<p>Des couleurs 100\u00a0% d'origine naturelle dans toute sorte de teintes riches sp\u00e9cialement con\u00e7ues pour la coloration des cosm\u00e9tiques et des produits de soin de la peau.<\/p>\r\n<p><a class=\"btn btn-default btn-md btn-outlined btn-left\" href=\"https:\/\/bioconcolors.com\/fr\/colorants-naturels-pour-cosmetiques\/\">Lire plus<\/a><\/p><\/div>\n<div id='feat_prods_slider_slide07' class='sa_hover_container' style='padding:5% 5%; margin:0px 0%; min-height:250px; '><p><a href=\"https:\/\/bioconcolors.com\/fr\/colorants-naturels-pour-confiserie\/\"><img loading=\"lazy\" decoding=\"async\" class=\"alignnone\" src=\"\/wp-content\/uploads\/2020\/10\/featred_thumbnails-conf_shutterstock_671573494.jpg\" alt=\"colorants-naturels-pour-confiserie\" width=\"450\" height=\"300\" \/><\/a><\/p>\r\n<h3>Confiserie<\/h3>\r\n<p>Pour les bonbons, les confiseries et les chewing-gums, la couleur peut \u00eatre la caract\u00e9ristique la plus importante. Bonbons \u00e0 la gel\u00e9e, guimauves et bonbons g\u00e9lifi\u00e9s aux couleurs vives suscitent l'envie d'une friandise sucr\u00e9e parmi les consommateurs du monde entier.<\/p>\r\n<p><a class=\"btn btn-default btn-md btn-outlined btn-left\" href=\"https:\/\/bioconcolors.com\/fr\/colorants-naturels-pour-confiserie\/\">Lire plus<\/a><\/p><\/div>\n<\/div>\n<\/div>\n<script type='text\/javascript'>\n\tjQuery(document).ready(function() {\n\t\tjQuery('#feat_prods_slider').owlCarousel({\n\t\t\tresponsive:{\n\t\t\t\t0:{ items:1 },\n\t\t\t\t480:{ items:1 },\n\t\t\t\t768:{ items:1 },\n\t\t\t\t980:{ items:2 },\n\t\t\t\t1200:{ items:3 },\n\t\t\t\t1500:{ items:3 }\n\t\t\t},\n\t\t\tautoplay : true,\n\t\t\tautoplayTimeout : 5000,\n\t\t\tautoplayHoverPause : true,\n\t\t\tsmartSpeed : 200,\n\t\t\tfluidSpeed : 200,\n\t\t\tautoplaySpeed : 200,\n\t\t\tnavSpeed : 200,\n\t\t\tdotsSpeed : 200,\n\t\t\tloop : true,\n\t\t\tnav : true,\n\t\t\tnavText : ['Previous','Next'],\n\t\t\tdots : false,\n\t\t\tresponsiveRefreshRate : 200,\n\t\t\tslideBy : 1,\n\t\t\tmergeFit : true,\n\t\t\tautoHeight : false,\n\t\t\tmouseDrag : false,\n\t\t\ttouchDrag : true\n\t\t});\n\t\tjQuery('#feat_prods_slider').css('visibility', 'visible');\n\t\tvar owl_goto = jQuery('#feat_prods_slider');\n\t\tjQuery('.feat_prods_slider_goto1').click(function(event){\n\t\t\towl_goto.trigger('to.owl.carousel', 0);\n\t\t});\n\t\tjQuery('.feat_prods_slider_goto2').click(function(event){\n\t\t\towl_goto.trigger('to.owl.carousel', 1);\n\t\t});\n\t\tjQuery('.feat_prods_slider_goto3').click(function(event){\n\t\t\towl_goto.trigger('to.owl.carousel', 2);\n\t\t});\n\t\tjQuery('.feat_prods_slider_goto4').click(function(event){\n\t\t\towl_goto.trigger('to.owl.carousel', 3);\n\t\t});\n\t\tjQuery('.feat_prods_slider_goto5').click(function(event){\n\t\t\towl_goto.trigger('to.owl.carousel', 4);\n\t\t});\n\t\tjQuery('.feat_prods_slider_goto6').click(function(event){\n\t\t\towl_goto.trigger('to.owl.carousel', 5);\n\t\t});\n\t\tjQuery('.feat_prods_slider_goto7').click(function(event){\n\t\t\towl_goto.trigger('to.owl.carousel', 6);\n\t\t});\n\t\tvar resize_4503 = jQuery('.owl-carousel');\n\t\tresize_4503.on('initialized.owl.carousel', function(e) {\n\t\t\tif (typeof(Event) === 'function') {\n\t\t\t\twindow.dispatchEvent(new Event('resize'));\n\t\t\t} else {\n\t\t\t\tvar evt = window.document.createEvent('UIEvents');\n\t\t\t\tevt.initUIEvent('resize', true, false, window, 0);\n\t\t\t\twindow.dispatchEvent(evt);\n\t\t\t}\n\t\t});\n\t});\n<\/script>\n[\/vc_column_text][\/vc_column][\/vc_row]<\/p>\n","protected":false},"excerpt":{"rendered":"<p>[vc_row background_position=&#8221;center center&#8221; row_height=&#8221;450&#8243; css=&#8221;.vc_custom_1601541399844{background-image: url(https:\/\/bioconcolors.com\/wp-content\/uploads\/2020\/10\/hero_breadcrumbs_shutterstock_99059660.jpg?id=3508) !important;background-position: 0 0 !important;background-repeat: no-repeat !important;}&#8221; el_class=&#8221;StandardRowPadd FeatHero&#8221;][vc_column][vc_row_inner el_class=&#8221;topTitleBarDetail&#8221;][vc_column_inner width=&#8221;1\/3&#8243; css=&#8221;.vc_custom_1601541861729{background-color: rgba(241,155,80,0.6) !important;*background-color: rgb(241,155,80) !important;}&#8221;][vc_custom_heading text=&#8221;Colorants naturels pour chapelure&#8221; font_container=&#8221;tag:h2|font_size:35|text_align:left|color:%23ffffff|line_height:1.2&#8243; use_theme_fonts=&#8221;yes&#8221; css_animation=&#8221;fadeIn&#8221; css=&#8221;.vc_custom_1606397198398{padding-right: 5% !important;}&#8221;][\/vc_column_inner][vc_column_inner width=&#8221;2\/3&#8243;][\/vc_column_inner][\/vc_row_inner][\/vc_column][\/vc_row][vc_row el_class=&#8221;FeatDetailSection&#8221;][vc_column width=&#8221;1\/2&#8243; css=&#8221;.vc_custom_1591623186625{padding-right: 20px !important;}&#8221;][vc_single_image image=&#8221;476&#8243; img_size=&#8221;200&#215;10&#8243; el_class=&#8221;HeadingColorBar&#8221;][vc_custom_heading text=&#8221;Colorants naturels pour [&#8230;]<\/p>\n<p><a class=\"more-link\" href=\"https:\/\/bioconcolors.co.uk\/fr\/colorants-naturels-pour-chapelure\/\">Continue Reading<\/a><\/p>\n","protected":false},"author":1,"featured_media":0,"parent":0,"menu_order":0,"comment_status":"closed","ping_status":"closed","template":"template-full-width.php","meta":{"footnotes":""},"class_list":["post-4494","page","type-page","status-publish","hentry"],"_links":{"self":[{"href":"https:\/\/bioconcolors.co.uk\/fr\/wp-json\/wp\/v2\/pages\/4494","targetHints":{"allow":["GET"]}}],"collection":[{"href":"https:\/\/bioconcolors.co.uk\/fr\/wp-json\/wp\/v2\/pages"}],"about":[{"href":"https:\/\/bioconcolors.co.uk\/fr\/wp-json\/wp\/v2\/types\/page"}],"author":[{"embeddable":true,"href":"https:\/\/bioconcolors.co.uk\/fr\/wp-json\/wp\/v2\/users\/1"}],"replies":[{"embeddable":true,"href":"https:\/\/bioconcolors.co.uk\/fr\/wp-json\/wp\/v2\/comments?post=4494"}],"version-history":[{"count":10,"href":"https:\/\/bioconcolors.co.uk\/fr\/wp-json\/wp\/v2\/pages\/4494\/revisions"}],"predecessor-version":[{"id":4641,"href":"https:\/\/bioconcolors.co.uk\/fr\/wp-json\/wp\/v2\/pages\/4494\/revisions\/4641"}],"wp:attachment":[{"href":"https:\/\/bioconcolors.co.uk\/fr\/wp-json\/wp\/v2\/media?parent=4494"}],"curies":[{"name":"wp","href":"https:\/\/api.w.org\/{rel}","templated":true}]}}